{"id":16,"date":"2024-10-17T11:13:47","date_gmt":"2024-10-17T11:13:47","guid":{"rendered":"https:\/\/longwoodmalta.com\/?page_id=16"},"modified":"2024-11-07T11:05:38","modified_gmt":"2024-11-07T11:05:38","slug":"wholesale-services","status":"publish","type":"page","link":"https:\/\/longwoodmalta.com\/fr\/wholesale-services\/","title":{"rendered":"Services de Gros"},"content":{"rendered":"<div data-elementor-type=\"wp-page\" data-elementor-id=\"16\" class=\"elementor elementor-16\">\n\t\t\t\t<div class=\"elementor-element elementor-element-ca9a2ab e-flex e-con-boxed e-con e-parent\" data-id=\"ca9a2ab\" data-element_type=\"container\" data-settings=\"{&quot;background_background&quot;:&quot;classic&quot;,&quot;background_motion_fx_motion_fx_mouse&quot;:&quot;yes&quot;,&quot;shape_divider_bottom&quot;:&quot;opacity-tilt&quot;}\">\n\t\t\t\t\t<div class=\"e-con-inner\">\n\t\t\t\t<div class=\"elementor-shape elementor-shape-bottom\" data-negative=\"false\">\n\t\t\t<svg xmlns=\"http:\/\/www.w3.org\/2000\/svg\" viewbox=\"0 0 2600 131.1\" preserveaspectratio=\"none\">\n\t<path class=\"elementor-shape-fill\" d=\"M0 0L2600 0 2600 69.1 0 0z\"\/>\n\t<path class=\"elementor-shape-fill\" style=\"opacity:0.5\" d=\"M0 0L2600 0 2600 69.1 0 69.1z\"\/>\n\t<path class=\"elementor-shape-fill\" style=\"opacity:0.25\" d=\"M2600 0L0 0 0 130.1 2600 69.1z\"\/>\n<\/svg>\t\t<\/div>\n\t\t\t\t<div class=\"elementor-element elementor-element-f6e6360 elementor-widget elementor-widget-heading\" data-id=\"f6e6360\" data-element_type=\"widget\" data-widget_type=\"heading.default\">\n\t\t\t\t<div class=\"elementor-widget-container\">\n\t\t\t<h1 class=\"elementor-heading-title elementor-size-default\">Services de Gros<\/h1>\t\t<\/div>\n\t\t\t\t<\/div>\n\t\t\t\t\t<\/div>\n\t\t\t\t<\/div>\n\t\t<div class=\"elementor-element elementor-element-3c29069 e-flex e-con-boxed e-con e-parent\" data-id=\"3c29069\" data-element_type=\"container\" data-settings=\"{&quot;background_background&quot;:&quot;classic&quot;}\">\n\t\t\t\t\t<div class=\"e-con-inner\">\n\t\t<div class=\"elementor-element elementor-element-46ea6c9 e-con-full e-flex elementor-invisible e-con e-child\" data-id=\"46ea6c9\" data-element_type=\"container\" data-settings=\"{&quot;animation&quot;:&quot;slideInLeft&quot;}\">\n\t\t\t\t<div class=\"elementor-element elementor-element-ef76852 elementor-widget elementor-widget-heading\" data-id=\"ef76852\" data-element_type=\"widget\" data-widget_type=\"heading.default\">\n\t\t\t\t<div class=\"elementor-widget-container\">\n\t\t\t<h2 class=\"elementor-heading-title elementor-size-default\">Services de Gros<\/h2>\t\t<\/div>\n\t\t\t\t<\/div>\n\t\t\t\t<div class=\"elementor-element elementor-element-a5e0d21 elementor-invisible elementor-widget elementor-widget-text-editor\" data-id=\"a5e0d21\" data-element_type=\"widget\" data-settings=\"{&quot;_animation&quot;:&quot;slideInLeft&quot;}\" data-widget_type=\"text-editor.default\">\n\t\t\t\t<div class=\"elementor-widget-container\">\n\t\t\t\t\t\t\t<p><!-- wp:paragraph {\"align\":\"left\"} --><\/p>\n<p class=\"has-text-align-left\">At <strong>Longwood Company Ltd<\/strong>Nous nous engageons \u00e0 fournir une gamme diversifi\u00e9e de produits multisectoriels de haute qualit\u00e9. Nous comprenons l'importance de la qualit\u00e9, de l'innovation et de la durabilit\u00e9, c'est pourquoi chaque produit que nous distribuons respecte les normes les plus \u00e9lev\u00e9es, r\u00e9pondant ainsi aux besoins de nos clients.<\/p>\n<p><!-- \/wp:paragraph --><!-- wp:paragraph --><!-- \/wp:paragraph --><\/p>\t\t\t\t\t\t<\/div>\n\t\t\t\t<\/div>\n\t\t\t\t<div class=\"elementor-element elementor-element-fc78c16 elementor-hidden-desktop elementor-hidden-tablet elementor-hidden-mobile elementor-hidden-laptop elementor-hidden-tablet_extra elementor-widget elementor-widget-text-editor\" data-id=\"fc78c16\" data-element_type=\"widget\" data-widget_type=\"text-editor.default\">\n\t\t\t\t<div class=\"elementor-widget-container\">\n\t\t\t\t\t\t\t<!-- wp:paragraph {\"align\":\"left\"} -->\n<p class=\"has-text-align-left\">Our expertise is based on partnerships with companies known for their expertise, innovation, and commitment to quality. Every collaboration is chosen based on strict criteria, ensuring that our clients receive products that meet the highest standards. We believe that the quality of our offerings stems from the careful selection of partners whose experience guarantees a strong response to market expectations.<\/p>\n<!-- \/wp:paragraph --><!-- wp:paragraph --><!-- \/wp:paragraph -->\t\t\t\t\t\t<\/div>\n\t\t\t\t<\/div>\n\t\t\t\t<div class=\"elementor-element elementor-element-7fa3da4 elementor-hidden-desktop elementor-hidden-tablet elementor-hidden-mobile elementor-hidden-laptop elementor-hidden-tablet_extra elementor-widget elementor-widget-text-editor\" data-id=\"7fa3da4\" data-element_type=\"widget\" data-widget_type=\"text-editor.default\">\n\t\t\t\t<div class=\"elementor-widget-container\">\n\t\t\t\t\t\t\t<p>As a dynamic player, Longwood strives to foster exchanges between the best practices and products from different countries. We are proud to bring the finest agricultural and organic products to Malta, ensuring that our clients have access to excellence. By encouraging these international exchanges, we ensure that every product we distribute not only meets local needs but also promotes sustainable agricultural practices globally.<\/p>\t\t\t\t\t\t<\/div>\n\t\t\t\t<\/div>\n\t\t\t\t<div class=\"elementor-element elementor-element-4823839 elementor-hidden-desktop elementor-hidden-tablet elementor-hidden-mobile elementor-hidden-laptop elementor-hidden-tablet_extra elementor-widget elementor-widget-text-editor\" data-id=\"4823839\" data-element_type=\"widget\" data-widget_type=\"text-editor.default\">\n\t\t\t\t<div class=\"elementor-widget-container\">\n\t\t\t\t\t\t\t<p>Our mission is to establish strategic partnerships to meet the market\u2019s demands while anticipating future trends. By prioritizing an approach focused on quality and sustainability, we offer tailored solutions to our clients and actively contribute to their long-term success.<\/p>\t\t\t\t\t\t<\/div>\n\t\t\t\t<\/div>\n\t\t\t\t<\/div>\n\t\t<div class=\"elementor-element elementor-element-78fd8c9 e-con-full animated-slow e-flex elementor-invisible e-con e-child\" data-id=\"78fd8c9\" data-element_type=\"container\" data-settings=\"{&quot;animation&quot;:&quot;fadeIn&quot;}\">\n\t\t\t\t<div class=\"elementor-element elementor-element-19207e1 elementor-widget elementor-widget-video\" data-id=\"19207e1\" data-element_type=\"widget\" data-settings=\"{&quot;video_type&quot;:&quot;hosted&quot;,&quot;autoplay&quot;:&quot;yes&quot;,&quot;controls&quot;:&quot;yes&quot;}\" data-widget_type=\"video.default\">\n\t\t\t\t<div class=\"elementor-widget-container\">\n\t\t\t\t\t<div class=\"e-hosted-video elementor-wrapper elementor-open-inline\">\n\t\t\t\t\t<video class=\"elementor-video\" src=\"https:\/\/longwoodmalta.com\/wp-content\/uploads\/2024\/11\/Video-Wholesale.mov\" autoplay=\"\" controls=\"\" controlslist=\"nodownload\"><\/video>\n\t\t\t\t<\/div>\n\t\t\t\t<\/div>\n\t\t\t\t<\/div>\n\t\t\t\t<\/div>\n\t\t\t\t\t<\/div>\n\t\t\t\t<\/div>\n\t\t<div class=\"elementor-element elementor-element-fb91d27 e-con-full e-flex e-con e-parent\" data-id=\"fb91d27\" data-element_type=\"container\" data-settings=\"{&quot;background_background&quot;:&quot;classic&quot;}\">\n\t\t<div class=\"elementor-element elementor-element-649acc6 e-con-full e-flex e-con e-child\" data-id=\"649acc6\" data-element_type=\"container\" data-settings=\"{&quot;background_background&quot;:&quot;classic&quot;}\">\n\t\t\t\t<div class=\"elementor-element elementor-element-9d8bcc5 elementor-widget elementor-widget-text-editor\" data-id=\"9d8bcc5\" data-element_type=\"widget\" data-widget_type=\"text-editor.default\">\n\t\t\t\t<div class=\"elementor-widget-container\">\n\t\t\t\t\t\t\t<p><br \/><em>&#8220;Together, let&#8217;s pave the way for innovative and sustainable growth to build a future of shared success.&#8221;<\/em><\/p>\t\t\t\t\t\t<\/div>\n\t\t\t\t<\/div>\n\t\t\t\t<\/div>\n\t\t\t\t<\/div>\n\t\t<div class=\"elementor-element elementor-element-7b2f3d7 e-flex e-con-boxed e-con e-parent\" data-id=\"7b2f3d7\" data-element_type=\"container\" data-settings=\"{&quot;background_background&quot;:&quot;classic&quot;}\">\n\t\t\t\t\t<div class=\"e-con-inner\">\n\t\t<div class=\"elementor-element elementor-element-32b9a7c e-con-full animated-slow e-flex elementor-invisible e-con e-child\" data-id=\"32b9a7c\" data-element_type=\"container\" data-settings=\"{&quot;animation&quot;:&quot;slideInLeft&quot;,&quot;background_background&quot;:&quot;classic&quot;}\">\n\t\t\t\t<\/div>\n\t\t<div class=\"elementor-element elementor-element-f10adad e-con-full e-flex elementor-invisible e-con e-child\" data-id=\"f10adad\" data-element_type=\"container\" data-settings=\"{&quot;animation&quot;:&quot;slideInRight&quot;}\">\n\t\t\t\t<div class=\"elementor-element elementor-element-6a8b0a6 elementor-widget elementor-widget-heading\" data-id=\"6a8b0a6\" data-element_type=\"widget\" data-widget_type=\"heading.default\">\n\t\t\t\t<div class=\"elementor-widget-container\">\n\t\t\t<h2 class=\"elementor-heading-title elementor-size-default\">Nos Partenariats<\/h2>\t\t<\/div>\n\t\t\t\t<\/div>\n\t\t\t\t<div class=\"elementor-element elementor-element-fb3caac elementor-widget elementor-widget-text-editor\" data-id=\"fb3caac\" data-element_type=\"widget\" data-widget_type=\"text-editor.default\">\n\t\t\t\t<div class=\"elementor-widget-container\">\n\t\t\t\t\t\t\t<!-- wp:paragraph {\"align\":\"left\"} -->\n<p class=\"has-text-align-left\">Notre engagement envers l'excellence repose sur des partenariats strat\u00e9giques avec des entreprises qui partagent notre vision de la qualit\u00e9 et de l'innovation. Chacune de nos collaborations est soigneusement s\u00e9lectionn\u00e9e en fonction de crit\u00e8res rigoureux, garantissant que chaque produit distribu\u00e9 par Longwood refl\u00e8te notre engagement envers la fiabilit\u00e9 et la valeur. En collaborant avec des organisations reconnues pour leur expertise, nous apportons uniquement les meilleurs produits sur le march\u00e9.<\/p>\n<!-- \/wp:paragraph --><!-- wp:paragraph --><!-- \/wp:paragraph -->\t\t\t\t\t\t<\/div>\n\t\t\t\t<\/div>\n\t\t\t\t<\/div>\n\t\t\t\t\t<\/div>\n\t\t\t\t<\/div>\n\t\t<div class=\"elementor-element elementor-element-c0db321 e-flex e-con-boxed e-con e-parent\" data-id=\"c0db321\" data-element_type=\"container\" data-settings=\"{&quot;background_background&quot;:&quot;classic&quot;}\">\n\t\t\t\t\t<div class=\"e-con-inner\">\n\t\t<div class=\"elementor-element elementor-element-f69d493 e-con-full animated-slow e-flex elementor-invisible e-con e-child\" data-id=\"f69d493\" data-element_type=\"container\" data-settings=\"{&quot;animation&quot;:&quot;slideInLeft&quot;}\">\n\t\t\t\t<\/div>\n\t\t<div class=\"elementor-element elementor-element-c4fe3ba e-con-full e-flex elementor-invisible e-con e-child\" data-id=\"c4fe3ba\" data-element_type=\"container\" data-settings=\"{&quot;animation&quot;:&quot;slideInRight&quot;}\">\n\t\t\t\t<div class=\"elementor-element elementor-element-10ca1c6 elementor-widget elementor-widget-heading\" data-id=\"10ca1c6\" data-element_type=\"widget\" data-widget_type=\"heading.default\">\n\t\t\t\t<div class=\"elementor-widget-container\">\n\t\t\t<h2 class=\"elementor-heading-title elementor-size-default\">Ce que Nous Offrons<\/h2>\t\t<\/div>\n\t\t\t\t<\/div>\n\t\t<div class=\"elementor-element elementor-element-3acd193 e-con-full e-flex e-con e-child\" data-id=\"3acd193\" data-element_type=\"container\" data-settings=\"{&quot;background_background&quot;:&quot;classic&quot;}\">\n\t\t<div class=\"elementor-element elementor-element-44c9d11 e-con-full e-flex e-con e-child\" data-id=\"44c9d11\" data-element_type=\"container\">\n\t\t\t\t<div class=\"elementor-element elementor-element-af26dd4 elementor-widget elementor-widget-heading\" data-id=\"af26dd4\" data-element_type=\"widget\" data-widget_type=\"heading.default\">\n\t\t\t\t<div class=\"elementor-widget-container\">\n\t\t\t<h2 class=\"elementor-heading-title elementor-size-default\">Produits Agricoles et Organiques<\/h2>\t\t<\/div>\n\t\t\t\t<\/div>\n\t\t\t\t<div class=\"elementor-element elementor-element-997e369 elementor-widget elementor-widget-text-editor\" data-id=\"997e369\" data-element_type=\"widget\" data-widget_type=\"text-editor.default\">\n\t\t\t\t<div class=\"elementor-widget-container\">\n\t\t\t\t\t\t\t<!-- wp:paragraph {\"align\":\"left\"} -->\n<p class=\"has-text-align-left\">En s\u00e9lectionnant uniquement les meilleurs produits agricoles et organiques, nous veillons \u00e0 ce que nos clients \u00e0 Malte aient acc\u00e8s \u00e0 des choix sains et durables qui respectent les normes internationales de qualit\u00e9.<\/p>\n<!-- \/wp:paragraph --><!-- wp:paragraph --><!-- \/wp:paragraph -->\t\t\t\t\t\t<\/div>\n\t\t\t\t<\/div>\n\t\t\t\t<\/div>\n\t\t<div class=\"elementor-element elementor-element-aa1a9ee e-con-full e-flex e-con e-child\" data-id=\"aa1a9ee\" data-element_type=\"container\">\n\t\t\t\t<div class=\"elementor-element elementor-element-b711d0d elementor-widget elementor-widget-heading\" data-id=\"b711d0d\" data-element_type=\"widget\" data-widget_type=\"heading.default\">\n\t\t\t\t<div class=\"elementor-widget-container\">\n\t\t\t<h2 class=\"elementor-heading-title elementor-size-default\">Produits Multisectoriels de Haute Qualit\u00e9<\/h2>\t\t<\/div>\n\t\t\t\t<\/div>\n\t\t\t\t<div class=\"elementor-element elementor-element-263923a elementor-widget elementor-widget-text-editor\" data-id=\"263923a\" data-element_type=\"widget\" data-widget_type=\"text-editor.default\">\n\t\t\t\t<div class=\"elementor-widget-container\">\n\t\t\t\t\t\t\t<!-- wp:paragraph {\"align\":\"left\"} -->\n<p class=\"has-text-align-left\">Des biens essentiels aux articles sp\u00e9cialis\u00e9s, nous r\u00e9pondons aux besoins de divers secteurs, en fournissant des solutions qui satisfont \u00e0 la fois les besoins quotidiens et les besoins sp\u00e9cifiques du march\u00e9.<\/p>\n<!-- \/wp:paragraph --><!-- wp:paragraph --><!-- \/wp:paragraph -->\t\t\t\t\t\t<\/div>\n\t\t\t\t<\/div>\n\t\t\t\t<\/div>\n\t\t\t\t<\/div>\n\t\t\t\t<\/div>\n\t\t\t\t\t<\/div>\n\t\t\t\t<\/div>\n\t\t<div class=\"elementor-element elementor-element-ae1d005 e-flex e-con-boxed e-con e-parent\" data-id=\"ae1d005\" data-element_type=\"container\" data-settings=\"{&quot;background_background&quot;:&quot;classic&quot;,&quot;shape_divider_bottom&quot;:&quot;opacity-tilt&quot;,&quot;shape_divider_top&quot;:&quot;opacity-tilt&quot;}\">\n\t\t\t\t\t<div class=\"e-con-inner\">\n\t\t\t\t<div class=\"elementor-shape elementor-shape-top\" data-negative=\"false\">\n\t\t\t<svg xmlns=\"http:\/\/www.w3.org\/2000\/svg\" viewbox=\"0 0 2600 131.1\" preserveaspectratio=\"none\">\n\t<path class=\"elementor-shape-fill\" d=\"M0 0L2600 0 2600 69.1 0 0z\"\/>\n\t<path class=\"elementor-shape-fill\" style=\"opacity:0.5\" d=\"M0 0L2600 0 2600 69.1 0 69.1z\"\/>\n\t<path class=\"elementor-shape-fill\" style=\"opacity:0.25\" d=\"M2600 0L0 0 0 130.1 2600 69.1z\"\/>\n<\/svg>\t\t<\/div>\n\t\t\t\t<div class=\"elementor-shape elementor-shape-bottom\" data-negative=\"false\">\n\t\t\t<svg xmlns=\"http:\/\/www.w3.org\/2000\/svg\" viewbox=\"0 0 2600 131.1\" preserveaspectratio=\"none\">\n\t<path class=\"elementor-shape-fill\" d=\"M0 0L2600 0 2600 69.1 0 0z\"\/>\n\t<path class=\"elementor-shape-fill\" style=\"opacity:0.5\" d=\"M0 0L2600 0 2600 69.1 0 69.1z\"\/>\n\t<path class=\"elementor-shape-fill\" style=\"opacity:0.25\" d=\"M2600 0L0 0 0 130.1 2600 69.1z\"\/>\n<\/svg>\t\t<\/div>\n\t\t<div class=\"elementor-element elementor-element-e4e682b e-con-full animated-slow e-flex elementor-invisible e-con e-child\" data-id=\"e4e682b\" data-element_type=\"container\" data-settings=\"{&quot;animation&quot;:&quot;slideInLeft&quot;}\">\n\t\t\t\t<div class=\"elementor-element elementor-element-0892c88 elementor-widget elementor-widget-heading\" data-id=\"0892c88\" data-element_type=\"widget\" data-widget_type=\"heading.default\">\n\t\t\t\t<div class=\"elementor-widget-container\">\n\t\t\t<h2 class=\"elementor-heading-title elementor-size-default\">Notre Vision pour une Croissance Durable<\/h2>\t\t<\/div>\n\t\t\t\t<\/div>\n\t\t\t\t<div class=\"elementor-element elementor-element-91196ef elementor-widget elementor-widget-text-editor\" data-id=\"91196ef\" data-element_type=\"widget\" data-widget_type=\"text-editor.default\">\n\t\t\t\t<div class=\"elementor-widget-container\">\n\t\t\t\t\t\t\t<!-- wp:paragraph {\"align\":\"left\"} -->\n<p>En tant qu'acteur dynamique dans l'industrie de la vente en gros, Longwood promeut l'\u00e9change des meilleures pratiques et de produits de haute qualit\u00e9 \u00e0 travers les fronti\u00e8res. En favorisant la collaboration internationale, nous veillons \u00e0 ce que les produits que nous offrons non seulement satisfassent la demande locale, mais contribuent \u00e9galement \u00e0 un avenir plus durable.<\/p>\n<p>Notre mission est d'anticiper les tendances futures et de fournir des solutions innovantes adapt\u00e9es aux besoins de chaque client. Nous nous engageons \u00e0 promouvoir la qualit\u00e9 et la durabilit\u00e9 dans tous les aspects de notre travail, soutenant le succ\u00e8s \u00e0 long terme de nos clients dans un march\u00e9 concurrentiel.<\/p>\n<p>Nous invitons les marques ambitieuses \u00e0 nous contacter via notre page de contact pour explorer les opportunit\u00e9s de partenariat en accord avec notre engagement en faveur de la qualit\u00e9 et de la durabilit\u00e9.<\/p>\n<!-- \/wp:paragraph --><!-- wp:paragraph --><!-- \/wp:paragraph -->\t\t\t\t\t\t<\/div>\n\t\t\t\t<\/div>\n\t\t\t\t<\/div>\n\t\t\t\t\t<\/div>\n\t\t\t\t<\/div>\n\t\t\t\t<\/div>","protected":false},"excerpt":{"rendered":"<p>Wholesale Services Wholesale Services At Longwood Company Ltd, we are dedicated to providing a diverse range of high-quality, multisectoral products. We understand the importance of quality, innovation, and sustainability, which is why every product we distribute meets the highest standards, fulfilling the needs of our clients. Our expertise is based on partnerships with companies known [&hellip;]<\/p>","protected":false},"author":1,"featured_media":127,"parent":0,"menu_order":0,"comment_status":"closed","ping_status":"closed","template":"","meta":{"footnotes":""},"class_list":["post-16","page","type-page","status-publish","has-post-thumbnail","hentry"],"_links":{"self":[{"href":"https:\/\/longwoodmalta.com\/fr\/wp-json\/wp\/v2\/pages\/16"}],"collection":[{"href":"https:\/\/longwoodmalta.com\/fr\/wp-json\/wp\/v2\/pages"}],"about":[{"href":"https:\/\/longwoodmalta.com\/fr\/wp-json\/wp\/v2\/types\/page"}],"author":[{"embeddable":true,"href":"https:\/\/longwoodmalta.com\/fr\/wp-json\/wp\/v2\/users\/1"}],"replies":[{"embeddable":true,"href":"https:\/\/longwoodmalta.com\/fr\/wp-json\/wp\/v2\/comments?post=16"}],"version-history":[{"count":104,"href":"https:\/\/longwoodmalta.com\/fr\/wp-json\/wp\/v2\/pages\/16\/revisions"}],"predecessor-version":[{"id":1423,"href":"https:\/\/longwoodmalta.com\/fr\/wp-json\/wp\/v2\/pages\/16\/revisions\/1423"}],"wp:featuredmedia":[{"embeddable":true,"href":"https:\/\/longwoodmalta.com\/fr\/wp-json\/wp\/v2\/media\/127"}],"wp:attachment":[{"href":"https:\/\/longwoodmalta.com\/fr\/wp-json\/wp\/v2\/media?parent=16"}],"curies":[{"name":"wp","href":"https:\/\/api.w.org\/{rel}","templated":true}]}}